{"id":698,"date":"2013-06-10T17:48:30","date_gmt":"2013-06-10T14:48:30","guid":{"rendered":"http:\/\/mesenaatti-cms.karolina.io\/?page_id=698"},"modified":"2014-07-03T12:05:54","modified_gmt":"2014-07-03T09:05:54","slug":"etusivu","status":"publish","type":"page","link":"https:\/\/v5b9ccjd3pc.c.updraftclone.com\/en\/","title":{"rendered":"Frontpage"},"content":{"rendered":"<p>Doing things together and creating something new is now easy. Never before has the threshold for starting something new been so low.<\/p>\n<p>Mesenaatti.me is a tool for creating new culture and building the world around us.\u00a0 This promises A Better Tomorrow!<\/p>\n<p class=\"contact\"><a href=\"mailto:pauliina@mesenaatti.me\">Pauliina Sepp\u00e4l\u00e4<\/a>, <a href=\"mailto:tanja@mesenaatti.me\">Tanja J\u00e4nicke<\/a>\u00a0and\u00a0<a href=\"mailto:marko@mesenaatti.me\">Marko Tanninen<\/a><\/p>\n<p><\/p>","protected":false},"excerpt":{"rendered":"<p>Doing things together and creating something new is now easy. Never before has the threshold for starting something new been so low. Mesenaatti.me is a tool for creating new culture and building the world around us.\u00a0 This promises A Better Tomorrow! Pauliina Sepp\u00e4l\u00e4, Tanja J\u00e4nicke\u00a0and\u00a0Marko Tanninen<\/p>\n","protected":false},"author":7,"featured_media":1143,"parent":0,"menu_order":0,"comment_status":"open","ping_status":"open","template":"etusivu_2014.php","meta":{"footnotes":""},"class_list":["post-698","page","type-page","status-publish","has-post-thumbnail","hentry"],"mesenaatti_content":{"title":{"raw":"<!--:en-->Frontpage<!--:--><!--:fi-->Etusivu<!--:-->","en":"Frontpage","fi":"Etusivu"},"content":{"raw":"<p><!--:en-->Doing things together and creating something new is now easy. Never before has the threshold for starting something new been so low.<\/p>\n<p>Mesenaatti.me is a tool for creating new culture and building the world around us.\u00a0 This promises A Better Tomorrow!<\/p>\n<p class=\"contact\"><a href=\"mailto:pauliina@mesenaatti.me\">Pauliina Sepp\u00e4l\u00e4<\/a>, <a href=\"mailto:tanja@mesenaatti.me\">Tanja J\u00e4nicke<\/a>\u00a0and\u00a0<a href=\"mailto:marko@mesenaatti.me\">Marko Tanninen<\/a><\/p>\n<p><!--:--><!--:fi-->Yhdess\u00e4 tekeminen ja uuden luominen on nyt helppoa. Milloinkaan ei kynnys uuden aloittamiseen ole ollut n\u00e4in matala.<\/p>\n<p>Mesenaatti.me on ty\u00f6kalu, jonka avulla luomme uutta kulttuuria ja rakennamme maailmaa ymp\u00e4rill\u00e4mme. Se tiet\u00e4\u00e4 hyv\u00e4\u00e4. Huomista.<\/p>\n<p class=\"highlight\">Tuoreimmat uutiset l\u00f6yd\u00e4t Facebook- ja Twitter-sivuiltamme.<\/p>\n<p class=\"contact\"><a href=\"mailto:pauliina@mesenaatti.me\">Pauliina Sepp\u00e4l\u00e4<\/a>, <a href=\"mailto:tanja@mesenaatti.me\">Tanja J\u00e4nicke<\/a> ja <a href=\"mailto:marko@mesenaatti.me\">Marko Tanninen<\/a><\/p>\n<p><!--:--><\/p>\n","en":"<p>Doing things together and creating something new is now easy. Never before has the threshold for starting something new been so low.<\/p>\n<p>Mesenaatti.me is a tool for creating new culture and building the world around us.\u00a0 This promises A Better Tomorrow!<\/p>\n<p class=\"contact\"><a href=\"mailto:pauliina@mesenaatti.me\">Pauliina Sepp\u00e4l\u00e4<\/a>, <a href=\"mailto:tanja@mesenaatti.me\">Tanja J\u00e4nicke<\/a>\u00a0and\u00a0<a href=\"mailto:marko@mesenaatti.me\">Marko Tanninen<\/a><\/p>\n<p><\/p>","fi":"<p>Yhdess\u00e4 tekeminen ja uuden luominen on nyt helppoa. Milloinkaan ei kynnys uuden aloittamiseen ole ollut n\u00e4in matala.<\/p>\n<p>Mesenaatti.me on ty\u00f6kalu, jonka avulla luomme uutta kulttuuria ja rakennamme maailmaa ymp\u00e4rill\u00e4mme. Se tiet\u00e4\u00e4 hyv\u00e4\u00e4. Huomista.<\/p>\n<p class=\"highlight\">Tuoreimmat uutiset l\u00f6yd\u00e4t Facebook- ja Twitter-sivuiltamme.<\/p>\n<p class=\"contact\"><a href=\"mailto:pauliina@mesenaatti.me\">Pauliina Sepp\u00e4l\u00e4<\/a>, <a href=\"mailto:tanja@mesenaatti.me\">Tanja J\u00e4nicke<\/a> ja <a href=\"mailto:marko@mesenaatti.me\">Marko Tanninen<\/a><\/p>\n<p><\/p>"}},"_links":{"self":[{"href":"https:\/\/v5b9ccjd3pc.c.updraftclone.com\/en\/wp-json\/wp\/v2\/pages\/698","targetHints":{"allow":["GET"]}}],"collection":[{"href":"https:\/\/v5b9ccjd3pc.c.updraftclone.com\/en\/wp-json\/wp\/v2\/pages"}],"about":[{"href":"https:\/\/v5b9ccjd3pc.c.updraftclone.com\/en\/wp-json\/wp\/v2\/types\/page"}],"author":[{"embeddable":true,"href":"https:\/\/v5b9ccjd3pc.c.updraftclone.com\/en\/wp-json\/wp\/v2\/users\/7"}],"replies":[{"embeddable":true,"href":"https:\/\/v5b9ccjd3pc.c.updraftclone.com\/en\/wp-json\/wp\/v2\/comments?post=698"}],"version-history":[{"count":0,"href":"https:\/\/v5b9ccjd3pc.c.updraftclone.com\/en\/wp-json\/wp\/v2\/pages\/698\/revisions"}],"wp:featuredmedia":[{"embeddable":true,"href":"https:\/\/v5b9ccjd3pc.c.updraftclone.com\/en\/wp-json\/wp\/v2\/media\/1143"}],"wp:attachment":[{"href":"https:\/\/v5b9ccjd3pc.c.updraftclone.com\/en\/wp-json\/wp\/v2\/media?parent=698"}],"curies":[{"name":"wp","href":"https:\/\/api.w.org\/{rel}","templated":true}]}}