{"id":1110,"date":"2013-07-01T12:57:17","date_gmt":"2013-07-01T09:57:17","guid":{"rendered":"http:\/\/mesenaatti-cms.karolina.io\/?page_id=1110"},"modified":"2022-02-12T23:35:16","modified_gmt":"2022-02-12T21:35:16","slug":"miten-tavoitan-rahoittajani","status":"publish","type":"page","link":"https:\/\/v5b9ccjd3pc.c.updraftclone.com\/en\/info\/ohjeet2\/miten-tavoitan-rahoittajani\/","title":{"rendered":"How do I reach my funders?"},"content":{"rendered":"<p><\/p>\n<ul>\n<li><strong><a href=\"\/en\/info\/\">INFO, CONTACT AND SERVICES<\/a><\/strong><\/li>\n<li><strong><a href=\"\/en\/info\/mika-on-mesenaatti-me\/\">ABOUT MESENAATTI.ME<\/a><\/strong><\/li>\n<li><strong><a href=\"\/en\/info\/ohjeet2\/\">HOW TO PLAN A GOOD CROWDFUNDING CAMPAIGN<\/a><\/strong><\/li>\n<li><strong style=\"color: initial; font-family: -apple-system, BlinkMacSystemFont, 'Segoe UI', Roboto, Oxygen-Sans, Ubuntu, Cantarell, 'Helvetica Neue', sans-serif;\"><a href=\"\/en\/info\/etiketti\/\">RULES AND TERMS OF USE<\/a><\/strong><\/li>\n<\/ul>\n<p>You hold the main responsibility for marketing your campaign<\/p>\n<p>Mesenaatti.me will work for your campaign to succeed. We tell about your project in our social media networks, and potentially also in our blog, in press releases etc. We help you with planning your marketing, and give you ideas on, e.g.. which companies or media you should contact. We help you use your Facebook page. However, without your own hard work the campaign is not likely to succeed. Do it your own way, however. We are with you.<\/p>\n<p>Here is some advice that you might want to follow.<\/p>\n<h4>Don&#8217;t be shy<b><br \/>\n<\/b><\/h4>\n<p>You and us, we are pioneers. With Mesenaatti.me we are stepping into a new kind of world of marketing, where anyone can be a marketing pro. Everyone has their own style in this. But the bottom lines is, that if you are really up to something great, why not tell the world about it. You character, your unique voice is what makes it work in crowdfunding campaigning.<\/p>\n<h4>Start now<b><br \/>\n<\/b><\/h4>\n<p>Let people know about your project even before the campaign starts. Talk face to face, send email, post in social media, your blog, website etc. This way you can create anticipation and commitment, and once your campaign starts, it gathers funding right from the start. Please also tell people about Mesenaatti.me, and other campaigns you like in it. This way people around you and in your networks learn about crowdfunding already before you take the stage.<\/p>\n<h4>Share<\/h4>\n<p>Use the icons on your campaign page to share your campaign via email and social media. Embed your project card on your website or blog.<\/p>\n<h4>Use social media<b><br \/>\n<\/b><\/h4>\n<p>It is good to learn how to use Facebook, Twitter and other social media of your preference. In Finland, Facebook works really well.<\/p>\n<p>Start your project it&#8217;s own Facebook page and create a Facebook event for your campaign. Invite your Friends to like and join these, and ask them to share them along on their own newsfeeds, and to invite their Friends. Ensure that the Page is set as Public.<\/p>\n<p>You can also share the link to your project in other Facebook groups and pages, when you think their members might be interested in your campaign. Always write some introductory words to accompany the links. And be careful not to spam; only post to places that might find your project relevant, and do not push it too hard.<\/p>\n<p>Tweet about your project in Twitter. You can also use other tools such as Pinterest, Flickr, Linkedlin, You Tube or Vimeo.<\/p>\n<ul>\n<li>Communicate a lot<\/li>\n<li>Keep your audiences update about your campaign<\/li>\n<li>Post an update from every 1-3 days in social media, and possibly also other media such as email<\/li>\n<li>Always answer questions posed to you concerning your campaign. We can help you find the answers.<\/li>\n<\/ul>\n<h4>Don&#8217;t forget traditional media<b><br \/>\n<\/b><\/h4>\n<p>Each campaign is worth a press release. You can ask us for help.<\/p>\n<p>Once your campaign is going on, you can offer to visit a radio or television program to talk about your project. The best approach is usually to send personal messages to individual journalists, but people have also managed to draw attention just by sending messages via general email addresses etc. If you are about to appear in media, we would like to know about it in advance &#8211; and, for example, post about it in our forums.<\/p>\n<p>Use your creativity when marketing. Here are some additional ideas.<\/p>\n<h4>Flyers and business cards<b><br \/>\n<\/b><\/h4>\n<p>Good old flyers always work. Make nice flyers in the print or just use your copy machine. Spread them all over where you think people who might be interested in your project might spend time. You can also make posters, post cards or business cards.<\/p>\n<h4>E-mails<\/h4>\n<p>Send email to those who don&#8217;t use Facebook and other social media. Remember to add the link to your project in the message. Don&#8217;t forget your relatives and collegues. Think about companies and other organisations who might be interested in supporting you.<\/p>\n<h4>Events<\/h4>\n<p>Hold events. Invite acquintances, collegues, and key persons who might be able to help you with your campaign. Arrange a breakfast, picnic in the park, go for drinks, or let people visit your rehearsals or studio. Consider taking part in fairs and other useful events.<\/p>\n<h4>Your close circle is the most important social resource<b><br \/>\n<\/b><\/h4>\n<p>According to some studies abroad, 25% of crowdfunding campaign funding comes from friends, family and other closest social groups to the fund seeker. They support you because they know you and trust you. Make use of this most important resource that you have, and ask people to help you in your campaign in any way they can.\u00a0 Also remember to engage people in your hobbies, work and other social circles.<\/p>\n<h4>Also companies and NGO&#8217;s can fund<\/h4>\n<p>Companies can also fund your project. If you have ideas for suitable organizations, it is best to contact them personally via email or phone. You can offer these parties all kinds of innovative customized and extra rewards, such as visibility on your website. In Mesenaatti.me, after a succesful campaign, a space called as the Thank you card comes available on your project page. Here you can display, for example, your most important sponsors. This visibility can also be one of the rewards.\u00a0 Funding in a reward based project counts as a company expenses that include VAT, not donations.<\/p>","protected":false},"excerpt":{"rendered":"<p>INFO, CONTACT AND SERVICES ABOUT MESENAATTI.ME HOW TO PLAN A GOOD CROWDFUNDING CAMPAIGN RULES AND TERMS OF USE You hold the main responsibility for marketing your campaign Mesenaatti.me will work for your campaign to succeed. We tell about your project in our social media networks, and potentially also in our blog, in press releases etc. [&hellip;]<\/p>\n","protected":false},"author":7,"featured_media":0,"parent":223,"menu_order":0,"comment_status":"open","ping_status":"closed","template":"","meta":{"footnotes":""},"class_list":["post-1110","page","type-page","status-publish","hentry"],"mesenaatti_content":{"title":{"raw":"<!--:en-->How do I reach my funders?<!--:--><!--:fi-->Maksulliset markkinointipalvelut<!--:-->","en":"How do I reach my funders?","fi":"Maksulliset markkinointipalvelut"},"content":{"raw":"<p><!--:en--><\/p>\n<ul>\n<li><strong><a href=\"\/en\/info\/\">INFO, CONTACT AND SERVICES<\/a><\/strong><\/li>\n<li><strong><a href=\"\/en\/info\/mika-on-mesenaatti-me\/\">ABOUT MESENAATTI.ME<\/a><\/strong><\/li>\n<li><strong><a href=\"\/en\/info\/ohjeet2\/\">HOW TO PLAN A GOOD CROWDFUNDING CAMPAIGN<\/a><\/strong><\/li>\n<li><strong style=\"color: initial; font-family: -apple-system, BlinkMacSystemFont, 'Segoe UI', Roboto, Oxygen-Sans, Ubuntu, Cantarell, 'Helvetica Neue', sans-serif;\"><a href=\"\/en\/info\/etiketti\/\">RULES AND TERMS OF USE<\/a><\/strong><\/li>\n<\/ul>\n<p>You hold the main responsibility for marketing your campaign<\/p>\n<p>Mesenaatti.me will work for your campaign to succeed. We tell about your project in our social media networks, and potentially also in our blog, in press releases etc. We help you with planning your marketing, and give you ideas on, e.g.. which companies or media you should contact. We help you use your Facebook page. However, without your own hard work the campaign is not likely to succeed. Do it your own way, however. We are with you.<\/p>\n<p>Here is some advice that you might want to follow.<\/p>\n<h4>Don't be shy<b><br \/>\n<\/b><\/h4>\n<p>You and us, we are pioneers. With Mesenaatti.me we are stepping into a new kind of world of marketing, where anyone can be a marketing pro. Everyone has their own style in this. But the bottom lines is, that if you are really up to something great, why not tell the world about it. You character, your unique voice is what makes it work in crowdfunding campaigning.<\/p>\n<h4>Start now<b><br \/>\n<\/b><\/h4>\n<p>Let people know about your project even before the campaign starts. Talk face to face, send email, post in social media, your blog, website etc. This way you can create anticipation and commitment, and once your campaign starts, it gathers funding right from the start. Please also tell people about Mesenaatti.me, and other campaigns you like in it. This way people around you and in your networks learn about crowdfunding already before you take the stage.<\/p>\n<h4>Share<\/h4>\n<p>Use the icons on your campaign page to share your campaign via email and social media. Embed your project card on your website or blog.<\/p>\n<h4>Use social media<b><br \/>\n<\/b><\/h4>\n<p>It is good to learn how to use Facebook, Twitter and other social media of your preference. In Finland, Facebook works really well.<\/p>\n<p>Start your project it's own Facebook page and create a Facebook event for your campaign. Invite your Friends to like and join these, and ask them to share them along on their own newsfeeds, and to invite their Friends. Ensure that the Page is set as Public.<\/p>\n<p>You can also share the link to your project in other Facebook groups and pages, when you think their members might be interested in your campaign. Always write some introductory words to accompany the links. And be careful not to spam; only post to places that might find your project relevant, and do not push it too hard.<\/p>\n<p>Tweet about your project in Twitter. You can also use other tools such as Pinterest, Flickr, Linkedlin, You Tube or Vimeo.<\/p>\n<ul>\n<li>Communicate a lot<\/li>\n<li>Keep your audiences update about your campaign<\/li>\n<li>Post an update from every 1-3 days in social media, and possibly also other media such as email<\/li>\n<li>Always answer questions posed to you concerning your campaign. We can help you find the answers.<\/li>\n<\/ul>\n<h4>Don't forget traditional media<b><br \/>\n<\/b><\/h4>\n<p>Each campaign is worth a press release. You can ask us for help.<\/p>\n<p>Once your campaign is going on, you can offer to visit a radio or television program to talk about your project. The best approach is usually to send personal messages to individual journalists, but people have also managed to draw attention just by sending messages via general email addresses etc. If you are about to appear in media, we would like to know about it in advance - and, for example, post about it in our forums.<\/p>\n<p>Use your creativity when marketing. Here are some additional ideas.<\/p>\n<h4>Flyers and business cards<b><br \/>\n<\/b><\/h4>\n<p>Good old flyers always work. Make nice flyers in the print or just use your copy machine. Spread them all over where you think people who might be interested in your project might spend time. You can also make posters, post cards or business cards.<\/p>\n<h4>E-mails<\/h4>\n<p>Send email to those who don't use Facebook and other social media. Remember to add the link to your project in the message. Don't forget your relatives and collegues. Think about companies and other organisations who might be interested in supporting you.<\/p>\n<h4>Events<\/h4>\n<p>Hold events. Invite acquintances, collegues, and key persons who might be able to help you with your campaign. Arrange a breakfast, picnic in the park, go for drinks, or let people visit your rehearsals or studio. Consider taking part in fairs and other useful events.<\/p>\n<h4>Your close circle is the most important social resource<b><br \/>\n<\/b><\/h4>\n<p>According to some studies abroad, 25% of crowdfunding campaign funding comes from friends, family and other closest social groups to the fund seeker. They support you because they know you and trust you. Make use of this most important resource that you have, and ask people to help you in your campaign in any way they can.\u00a0 Also remember to engage people in your hobbies, work and other social circles.<\/p>\n<h4>Also companies and NGO's can fund<\/h4>\n<p>Companies can also fund your project. If you have ideas for suitable organizations, it is best to contact them personally via email or phone. You can offer these parties all kinds of innovative customized and extra rewards, such as visibility on your website. In Mesenaatti.me, after a succesful campaign, a space called as the Thank you card comes available on your project page. Here you can display, for example, your most important sponsors. This visibility can also be one of the rewards.\u00a0 Funding in a reward based project counts as a company expenses that include VAT, not donations.<!--:--><!--:fi--><\/p>\n<ul>\n<li><a href=\"\/info\"><strong>YHTEYSTIEDOT JA PALVELUT<\/strong><\/a><\/li>\n<li><strong><a href=\"\/info\/mika-on-mesenaatti-me\/\">MIK\u00c4 ON MESENAATTI.ME<\/a><\/strong><\/li>\n<li><strong><a href=\"\/info\/ohjeet2\/\">OHJEET JOUKKORAHOITUSKAMPANJAN TEKEMISEEN<\/a><\/strong><\/li>\n<li>MAKSULLISET MARKKINOINTIPALVELUT<\/li>\n<li><strong><a href=\"\/info\/etiketti\/\">S\u00c4\u00c4NN\u00d6T JA K\u00c4YTT\u00d6EHDOT<\/a><\/strong><\/li>\n<\/ul>\n<p>Joskus kampanjantekij\u00e4ll\u00e4 ei ole aikaa tai osaamista kampanjan suunnitteluun ja markkinointiin. Mesenaatilta voi ostaa markkinointipalveluja Mesenaatin normaalin tuen lis\u00e4ksi. <em>Huom! Valikoiduille asiakkaille teemme my\u00f6s avaimet k\u00e4teen -varainkeruuta, ota yhteytt\u00e4 ja puhutaan lis\u00e4\u00e4!<\/em><\/p>\n<p><strong>Kampanjan suunnittelu ja markkinointi<br \/>\n<\/strong>Ty\u00f6paja. 2 tuntia. 1-2 Mesenaatin edustajaa.<br \/>\n<span style=\"font-size: revert; color: initial; font-family: -apple-system, BlinkMacSystemFont, 'Segoe UI', Roboto, Oxygen-Sans, Ubuntu, Cantarell, 'Helvetica Neue', sans-serif;\">150 \u20ac + ALV 24 %, yksityishenkil\u00f6ille 150 \u20ac, sis ALV 24 %<\/span><\/p>\n<p><strong>Kampanjan sparraus kampanjan aikana ja muu markkinointikonsultointi<br \/>\n<\/strong>Tuntilaskutuksena. Voi sis\u00e4lt\u00e4\u00e4 mm. kampanjantekij\u00e4n ohjaamista, julkaisujen suunnittelua yms.<br \/>\n<span style=\"font-size: revert; color: initial; font-family: -apple-system, BlinkMacSystemFont, 'Segoe UI', Roboto, Oxygen-Sans, Ubuntu, Cantarell, 'Helvetica Neue', sans-serif;\">75 \u20ac\/tunti + ALV 24 %, yksityishenkil\u00f6ille 75 \u20ac\/tunti, sis ALV 24 %<\/span><\/p>\n<p><strong>Uutiskirjeen nostopaikka<br \/>\n<\/strong>Noin 50 000 vastaanottajaa<br \/>\n500 \u20ac + ALV 24 %<\/p>\n<p>Kohdennettu teeman mukaan pienemm\u00e4lle tarkemmalle kohderyhm\u00e4lle<br \/>\n300 \u20ac + ALV 24 %<br \/>\nHuom! Mesenaatti pid\u00e4tt\u00e4\u00e4 oikeuden uutiskirjeen kuratointiin t\u00e4t\u00e4 erityist\u00e4 nostopaikkaa lukuunottamatta.<\/p>\n<p><strong>Mesenaatin etusivun banneripaikka<br \/>\n<\/strong>250 \u20ac + ALV 24 % \/viikko<\/p>\n<p><strong>Pressitiedote kampanjasta<br \/>\n<\/strong><span style=\"font-size: revert; color: initial; font-family: -apple-system, BlinkMacSystemFont, 'Segoe UI', Roboto, Oxygen-Sans, Ubuntu, Cantarell, 'Helvetica Neue', sans-serif;\">Tiedotteen laatiminen ja l\u00e4hetys min 400 median edustajalle.<br \/>\n<\/span>240 \u20ac + ALV 24 %<\/p>\n<p><!--:--><\/p>\n","en":"<p><\/p>\n<ul>\n<li><strong><a href=\"\/en\/info\/\">INFO, CONTACT AND SERVICES<\/a><\/strong><\/li>\n<li><strong><a href=\"\/en\/info\/mika-on-mesenaatti-me\/\">ABOUT MESENAATTI.ME<\/a><\/strong><\/li>\n<li><strong><a href=\"\/en\/info\/ohjeet2\/\">HOW TO PLAN A GOOD CROWDFUNDING CAMPAIGN<\/a><\/strong><\/li>\n<li><strong style=\"color: initial; font-family: -apple-system, BlinkMacSystemFont, 'Segoe UI', Roboto, Oxygen-Sans, Ubuntu, Cantarell, 'Helvetica Neue', sans-serif;\"><a href=\"\/en\/info\/etiketti\/\">RULES AND TERMS OF USE<\/a><\/strong><\/li>\n<\/ul>\n<p>You hold the main responsibility for marketing your campaign<\/p>\n<p>Mesenaatti.me will work for your campaign to succeed. We tell about your project in our social media networks, and potentially also in our blog, in press releases etc. We help you with planning your marketing, and give you ideas on, e.g.. which companies or media you should contact. We help you use your Facebook page. However, without your own hard work the campaign is not likely to succeed. Do it your own way, however. We are with you.<\/p>\n<p>Here is some advice that you might want to follow.<\/p>\n<h4>Don't be shy<b><br \/>\n<\/b><\/h4>\n<p>You and us, we are pioneers. With Mesenaatti.me we are stepping into a new kind of world of marketing, where anyone can be a marketing pro. Everyone has their own style in this. But the bottom lines is, that if you are really up to something great, why not tell the world about it. You character, your unique voice is what makes it work in crowdfunding campaigning.<\/p>\n<h4>Start now<b><br \/>\n<\/b><\/h4>\n<p>Let people know about your project even before the campaign starts. Talk face to face, send email, post in social media, your blog, website etc. This way you can create anticipation and commitment, and once your campaign starts, it gathers funding right from the start. Please also tell people about Mesenaatti.me, and other campaigns you like in it. This way people around you and in your networks learn about crowdfunding already before you take the stage.<\/p>\n<h4>Share<\/h4>\n<p>Use the icons on your campaign page to share your campaign via email and social media. Embed your project card on your website or blog.<\/p>\n<h4>Use social media<b><br \/>\n<\/b><\/h4>\n<p>It is good to learn how to use Facebook, Twitter and other social media of your preference. In Finland, Facebook works really well.<\/p>\n<p>Start your project it's own Facebook page and create a Facebook event for your campaign. Invite your Friends to like and join these, and ask them to share them along on their own newsfeeds, and to invite their Friends. Ensure that the Page is set as Public.<\/p>\n<p>You can also share the link to your project in other Facebook groups and pages, when you think their members might be interested in your campaign. Always write some introductory words to accompany the links. And be careful not to spam; only post to places that might find your project relevant, and do not push it too hard.<\/p>\n<p>Tweet about your project in Twitter. You can also use other tools such as Pinterest, Flickr, Linkedlin, You Tube or Vimeo.<\/p>\n<ul>\n<li>Communicate a lot<\/li>\n<li>Keep your audiences update about your campaign<\/li>\n<li>Post an update from every 1-3 days in social media, and possibly also other media such as email<\/li>\n<li>Always answer questions posed to you concerning your campaign. We can help you find the answers.<\/li>\n<\/ul>\n<h4>Don't forget traditional media<b><br \/>\n<\/b><\/h4>\n<p>Each campaign is worth a press release. You can ask us for help.<\/p>\n<p>Once your campaign is going on, you can offer to visit a radio or television program to talk about your project. The best approach is usually to send personal messages to individual journalists, but people have also managed to draw attention just by sending messages via general email addresses etc. If you are about to appear in media, we would like to know about it in advance - and, for example, post about it in our forums.<\/p>\n<p>Use your creativity when marketing. Here are some additional ideas.<\/p>\n<h4>Flyers and business cards<b><br \/>\n<\/b><\/h4>\n<p>Good old flyers always work. Make nice flyers in the print or just use your copy machine. Spread them all over where you think people who might be interested in your project might spend time. You can also make posters, post cards or business cards.<\/p>\n<h4>E-mails<\/h4>\n<p>Send email to those who don't use Facebook and other social media. Remember to add the link to your project in the message. Don't forget your relatives and collegues. Think about companies and other organisations who might be interested in supporting you.<\/p>\n<h4>Events<\/h4>\n<p>Hold events. Invite acquintances, collegues, and key persons who might be able to help you with your campaign. Arrange a breakfast, picnic in the park, go for drinks, or let people visit your rehearsals or studio. Consider taking part in fairs and other useful events.<\/p>\n<h4>Your close circle is the most important social resource<b><br \/>\n<\/b><\/h4>\n<p>According to some studies abroad, 25% of crowdfunding campaign funding comes from friends, family and other closest social groups to the fund seeker. They support you because they know you and trust you. Make use of this most important resource that you have, and ask people to help you in your campaign in any way they can.\u00a0 Also remember to engage people in your hobbies, work and other social circles.<\/p>\n<h4>Also companies and NGO's can fund<\/h4>\n<p>Companies can also fund your project. If you have ideas for suitable organizations, it is best to contact them personally via email or phone. You can offer these parties all kinds of innovative customized and extra rewards, such as visibility on your website. In Mesenaatti.me, after a succesful campaign, a space called as the Thank you card comes available on your project page. Here you can display, for example, your most important sponsors. This visibility can also be one of the rewards.\u00a0 Funding in a reward based project counts as a company expenses that include VAT, not donations.<\/p>","fi":"<p><\/p>\n<ul>\n<li><a href=\"\/info\"><strong>YHTEYSTIEDOT JA PALVELUT<\/strong><\/a><\/li>\n<li><strong><a href=\"\/info\/mika-on-mesenaatti-me\/\">MIK\u00c4 ON MESENAATTI.ME<\/a><\/strong><\/li>\n<li><strong><a href=\"\/info\/ohjeet2\/\">OHJEET JOUKKORAHOITUSKAMPANJAN TEKEMISEEN<\/a><\/strong><\/li>\n<li>MAKSULLISET MARKKINOINTIPALVELUT<\/li>\n<li><strong><a href=\"\/info\/etiketti\/\">S\u00c4\u00c4NN\u00d6T JA K\u00c4YTT\u00d6EHDOT<\/a><\/strong><\/li>\n<\/ul>\n<p>Joskus kampanjantekij\u00e4ll\u00e4 ei ole aikaa tai osaamista kampanjan suunnitteluun ja markkinointiin. Mesenaatilta voi ostaa markkinointipalveluja Mesenaatin normaalin tuen lis\u00e4ksi. <em>Huom! Valikoiduille asiakkaille teemme my\u00f6s avaimet k\u00e4teen -varainkeruuta, ota yhteytt\u00e4 ja puhutaan lis\u00e4\u00e4!<\/em><\/p>\n<p><strong>Kampanjan suunnittelu ja markkinointi<br \/>\n<\/strong>Ty\u00f6paja. 2 tuntia. 1-2 Mesenaatin edustajaa.<br \/>\n<span style=\"font-size: revert; color: initial; font-family: -apple-system, BlinkMacSystemFont, 'Segoe UI', Roboto, Oxygen-Sans, Ubuntu, Cantarell, 'Helvetica Neue', sans-serif;\">150 \u20ac + ALV 24 %, yksityishenkil\u00f6ille 150 \u20ac, sis ALV 24 %<\/span><\/p>\n<p><strong>Kampanjan sparraus kampanjan aikana ja muu markkinointikonsultointi<br \/>\n<\/strong>Tuntilaskutuksena. Voi sis\u00e4lt\u00e4\u00e4 mm. kampanjantekij\u00e4n ohjaamista, julkaisujen suunnittelua yms.<br \/>\n<span style=\"font-size: revert; color: initial; font-family: -apple-system, BlinkMacSystemFont, 'Segoe UI', Roboto, Oxygen-Sans, Ubuntu, Cantarell, 'Helvetica Neue', sans-serif;\">75 \u20ac\/tunti + ALV 24 %, yksityishenkil\u00f6ille 75 \u20ac\/tunti, sis ALV 24 %<\/span><\/p>\n<p><strong>Uutiskirjeen nostopaikka<br \/>\n<\/strong>Noin 50 000 vastaanottajaa<br \/>\n500 \u20ac + ALV 24 %<\/p>\n<p>Kohdennettu teeman mukaan pienemm\u00e4lle tarkemmalle kohderyhm\u00e4lle<br \/>\n300 \u20ac + ALV 24 %<br \/>\nHuom! Mesenaatti pid\u00e4tt\u00e4\u00e4 oikeuden uutiskirjeen kuratointiin t\u00e4t\u00e4 erityist\u00e4 nostopaikkaa lukuunottamatta.<\/p>\n<p><strong>Mesenaatin etusivun banneripaikka<br \/>\n<\/strong>250 \u20ac + ALV 24 % \/viikko<\/p>\n<p><strong>Pressitiedote kampanjasta<br \/>\n<\/strong><span style=\"font-size: revert; color: initial; font-family: -apple-system, BlinkMacSystemFont, 'Segoe UI', Roboto, Oxygen-Sans, Ubuntu, Cantarell, 'Helvetica Neue', sans-serif;\">Tiedotteen laatiminen ja l\u00e4hetys min 400 median edustajalle.<br \/>\n<\/span>240 \u20ac + ALV 24 %<\/p>\n<p><\/p>"}},"_links":{"self":[{"href":"https:\/\/v5b9ccjd3pc.c.updraftclone.com\/en\/wp-json\/wp\/v2\/pages\/1110","targetHints":{"allow":["GET"]}}],"collection":[{"href":"https:\/\/v5b9ccjd3pc.c.updraftclone.com\/en\/wp-json\/wp\/v2\/pages"}],"about":[{"href":"https:\/\/v5b9ccjd3pc.c.updraftclone.com\/en\/wp-json\/wp\/v2\/types\/page"}],"author":[{"embeddable":true,"href":"https:\/\/v5b9ccjd3pc.c.updraftclone.com\/en\/wp-json\/wp\/v2\/users\/7"}],"replies":[{"embeddable":true,"href":"https:\/\/v5b9ccjd3pc.c.updraftclone.com\/en\/wp-json\/wp\/v2\/comments?post=1110"}],"version-history":[{"count":22,"href":"https:\/\/v5b9ccjd3pc.c.updraftclone.com\/en\/wp-json\/wp\/v2\/pages\/1110\/revisions"}],"predecessor-version":[{"id":19463,"href":"https:\/\/v5b9ccjd3pc.c.updraftclone.com\/en\/wp-json\/wp\/v2\/pages\/1110\/revisions\/19463"}],"up":[{"embeddable":true,"href":"https:\/\/v5b9ccjd3pc.c.updraftclone.com\/en\/wp-json\/wp\/v2\/pages\/223"}],"wp:attachment":[{"href":"https:\/\/v5b9ccjd3pc.c.updraftclone.com\/en\/wp-json\/wp\/v2\/media?parent=1110"}],"curies":[{"name":"wp","href":"https:\/\/api.w.org\/{rel}","templated":true}]}}