{"id":1087,"date":"2013-06-29T17:01:14","date_gmt":"2013-06-29T14:01:14","guid":{"rendered":"http:\/\/mesenaatti-cms.karolina.io\/?page_id=1087"},"modified":"2025-09-03T16:22:36","modified_gmt":"2025-09-03T13:22:36","slug":"tietosuojaseloste","status":"publish","type":"page","link":"https:\/\/v5b9ccjd3pc.c.updraftclone.com\/en\/tietosuojaseloste\/","title":{"rendered":"Tietosuojaseloste"},"content":{"rendered":"<p><br \/>\n<\/p>\n<h4 dir=\"ltr\">Mesenaatti.me is complying to the General Data Protection Regulation of the European Union. Unfortunately our data protection document is at the moment only available in Finnish, but it will be translated as soon as possible.<\/h4>\n<p>P\u00e4ivitetty 14.4.2022<\/p>\n<p><\/p>","protected":false},"excerpt":{"rendered":"<p>Mesenaatti.me is complying to the General Data Protection Regulation of the European Union. Unfortunately our data protection document is at the moment only available in Finnish, but it will be translated as soon as possible. P\u00e4ivitetty 14.4.2022<\/p>\n","protected":false},"author":7,"featured_media":0,"parent":0,"menu_order":0,"comment_status":"open","ping_status":"open","template":"","meta":{"footnotes":""},"class_list":["post-1087","page","type-page","status-publish","hentry"],"mesenaatti_content":{"title":{"raw":"Tietosuojaseloste","en":"Tietosuojaseloste","fi":"Tietosuojaseloste"},"content":{"raw":"<p><!--:fi--><br \/>\nEU:n yleisen tietosuoja-asetuksen (<a href=\"http:\/\/eur-lex.europa.eu\/legal-content\/FI\/TXT\/?uri=uriserv:OJ.L_.2016.119.01.0001.01.FIN&amp;toc=OJ:L:2016:119:FULL\">asetus t\u00e4\u00e4ll\u00e4<\/a>) mukainen tietosuojaseloste.<\/p>\n<p dir=\"ltr\">1. REKISTERINPIT\u00c4J\u00c4<\/p>\n<p dir=\"ltr\">Nimi: Yhteis\u00f6rahoitus Oy (\u201dMesenaatti.me\u201d)<\/p>\n<p dir=\"ltr\">Y-tunnus: 2564705-4<\/p>\n<p dir=\"ltr\">2. TIETOJEN K\u00c4SITTELIJ\u00c4T JA S\u00c4ILYTT\u00c4J\u00c4T<\/p>\n<p dir=\"ltr\">Tietoja k\u00e4sitell\u00e4\u00e4n tai s\u00e4ilytet\u00e4\u00e4n lis\u00e4ksi ulkopuolisissa palveluissa&nbsp;<a href=\"https:\/\/aws.amazon.com\/compliance\/eu-data-protection\/\">Amazon Web Services<\/a>.<br \/>\nMaksupalvelun tarjoaa Stripe Payments Europe, Ltd. (\u201dMaksupalvelun Tarjoaja\u201d). Rahoituksenhakijan ja Rahoittajien on hyv\u00e4ksytt\u00e4v\u00e4 Maksupalvelun Tarjoajan kulloinkin voimassa olevat k\u00e4ytt\u00f6ehdot, jotka ovat saatavilla osoitteessa https:\/\/stripe.com\/legal. Maksupalvelu tarjotaan Maksupalvelun Tarjoajan ehtojen mukaisesti. Maksupalvelun Tarjoaja voi edellytt\u00e4\u00e4 henkil\u00f6llisyyden todentamista (KYC) kampanjantekij\u00f6ilt\u00e4. Kaikki n\u00e4m\u00e4 palvelut noudattavat EU:n yleist\u00e4 tietosuoja-asetusta ja suojaavat tiedot korkeiden turvallisuusstandardien mukaisesti.<\/p>\n<p dir=\"ltr\">3. YHTEYSHENKIL\u00d6 REKISTERI\u00c4 KOSKEVISSA ASIOISSA<\/p>\n<p dir=\"ltr\">Nimi: Marko Tanninen<\/p>\n<p dir=\"ltr\">S\u00e4hk\u00f6postiosoite:&nbsp;<a href=\"mailto:marko@mesenaatti.me\">marko@mesenaatti.me<\/a><\/p>\n<p dir=\"ltr\">4. REKISTERIN NIMI<\/p>\n<p dir=\"ltr\">Mesenaatti.me-palvelun asiakasrekisteri<\/p>\n<p dir=\"ltr\">5. KER\u00c4TT\u00c4V\u00c4T TIEDOT, TIETOJEN K\u00c4SITTELYN TARKOITUKSET JA PERUSTEET<\/p>\n<p dir=\"ltr\">Mesenaatti.me pyyt\u00e4\u00e4 k\u00e4ytt\u00e4jilt\u00e4 vain alustan toimivuuden ja rahaliikennelains\u00e4\u00e4d\u00e4nn\u00f6n kannalta v\u00e4ltt\u00e4m\u00e4tt\u00f6mi\u00e4 tietoja. Rekisteriin tallennettuja henkil\u00f6tietoja k\u00e4ytet\u00e4\u00e4n Mesenaatti.me:n ja palvelun k\u00e4ytt\u00e4j\u00e4n v\u00e4lisen asiakassuhteen hoitoon ja yll\u00e4pitoon sen sopimuksen mukaan, joka syntyy kun k\u00e4ytt\u00e4j\u00e4 k\u00e4ytt\u00e4\u00e4 palvelua ja hyv\u00e4ksyy samalla sen k\u00e4ytt\u00f6ehdot. Rekisteriin tallennetaan asiakkuuteen ja palvelun k\u00e4ytt\u00f6\u00f6n liittyvi\u00e4 yhteystietoja kuten nimi, toimitusosoite, s\u00e4hk\u00f6postiosoite, maksuyhteystiedot varojen palautusta varten, ostohistoria sek\u00e4 rahoitetut kampanjat. Kaikilta sis\u00e4\u00e4nkirjautuneilta tallennetaan rekisteriin k\u00e4ytt\u00e4j\u00e4tunnus sek\u00e4 salasana.<\/p>\n<p>Yhteystietoja k\u00e4ytet\u00e4\u00e4n my\u00f6s joukkorahoittajille viestimiseen perustuen yrityksen oikeutettuun etuun yll\u00e4pit\u00e4\u00e4 asiakassuhdetta sek\u00e4 kampanjantekij\u00f6iden ja rahoittajien k\u00e4ytt\u00e4j\u00e4yhteis\u00f6\u00e4. Emme luovuta&nbsp; osoitteita eteenp\u00e4in.<\/p>\n<p dir=\"ltr\">Lis\u00e4ksi rahaliikennelains\u00e4\u00e4d\u00e4nn\u00f6n vuoksi kaikilta k\u00e4ytt\u00e4jilt\u00e4 ker\u00e4t\u00e4\u00e4n syntym\u00e4aika ja puhelinnumero.<\/p>\n<p>Meid\u00e4n lis\u00e4ksemme Mesenaatti.me:ss\u00e4 joukkorahoituskampanjoita tekev\u00e4t tahot saavat rahoituksen yhteydess\u00e4 annetut yhteystiedot (nimi, osoite, s\u00e4hk\u00f6posti) ja itselleen ja voivat k\u00e4ytt\u00e4\u00e4 niit\u00e4 esimerkiksi pit\u00e4\u00e4kseen rahoittajiinsa yhteytt\u00e4.<\/p>\n<p>Kampanjantekij\u00f6ilt\u00e4 pyydet\u00e4\u00e4n lis\u00e4ksi osana asiakassopimusta ja palvelusis\u00e4lt\u00f6\u00e4 sek\u00e4 rahaliikennelains\u00e4\u00e4d\u00e4nn\u00f6n vuoksi Ohjeissa t\u00e4smennettyj\u00e4 henkil\u00f6iden ja organisaatioiden tunnistamiseen ja toimintaan sek\u00e4 pankkitiliiin liittyvi\u00e4 dokumentteja.<\/p>\n<p dir=\"ltr\">Tiedot ker\u00e4t\u00e4\u00e4n rekister\u00f6idylt\u00e4 itselt\u00e4\u00e4n ja palvelun maksupalvelun tarjoajalta. Emme hanki k\u00e4ytt\u00e4jist\u00e4 muita tietoja.<\/p>\n<p dir=\"ltr\">6. TIETOJEN S\u00c4\u00c4NN\u00d6NMUKAISET LUOVUTUKSET JA TIETOJEN SIIRTO EU:N TAI EUROOPAN TALOUSALUEEN ULKOPUOLELLE<\/p>\n<p dir=\"ltr\">Mesenaatti.me ei s\u00e4\u00e4nn\u00f6nmukaisesti luovuta tietoja kolmansille ilman rekister\u00f6idyn suostumusta eik\u00e4 siirr\u00e4 tietoja EU:n tai ETA:n ulkopuolelle. Mesenaatti ei myy k\u00e4ytt\u00e4jien tietoja eteenp\u00e4in.<\/p>\n<p dir=\"ltr\">Liiketoimintakaupan seurauksena Mesenaatti.me voi kuitenkin siirt\u00e4\u00e4 tietoja liiketoiminnan ostajalle, joka sitoutuu k\u00e4sittelem\u00e4\u00e4n tietoja t\u00e4m\u00e4n tietosuojaselosteen mukaisesti.<\/p>\n<p>7. &nbsp;REKISTERIN SUOJAUKSEN PERIAATTEET<\/p>\n<p dir=\"ltr\">Rekisteri\u00e4 yll\u00e4pidet\u00e4\u00e4n k\u00e4ytt\u00e4j\u00e4tunnuksin ja salasanoin suojatussa tietoj\u00e4rjestelm\u00e4ss\u00e4. Tietoj\u00e4rjestelmien k\u00e4ytt\u00f6\u00f6n oikeutetuille henkil\u00f6ille annetaan ohjeet j\u00e4rjestelm\u00e4n asianmukaisesta k\u00e4yt\u00f6st\u00e4. Tietoj\u00e4rjestelmien k\u00e4ytt\u00f6oikeus annetaan ainoastaan niille henkil\u00f6ille, joilla ty\u00f6teht\u00e4viens\u00e4 vuoksi perusteltu tarve j\u00e4rjestelm\u00e4n k\u00e4ytt\u00f6\u00f6n.<\/p>\n<p>Kampanjantekij\u00f6ilt\u00e4 vaadittavat dokumentit voi l\u00e4hett\u00e4\u00e4 meille suojatulla palvelimella yll\u00e4pit\u00e4m\u00e4\u00e4mme s\u00e4hk\u00f6postiin, josta siirr\u00e4mme ne suojattuun ja eurooppalaista lains\u00e4\u00e4d\u00e4nt\u00f6\u00e4 tiukasti noudattavaan rahaliikennepalvelu Lemon Way:hin mink\u00e4 j\u00e4lkeen tuhoamme ne v\u00e4litt\u00f6m\u00e4sti s\u00e4hk\u00f6postiohjelmastamme. Dokumentit on mahdollista toimittaa my\u00f6s muulla valitsemallaan tavalla, esimerkiksi kirjattuna kirjeen\u00e4. Silloin lataamme niiden valokopiot rahaliikennepalvelu Lemon Wayhin ja tuhoamme dokumentit asianmukaisella tavalla.<\/p>\n<p>8. &nbsp;K\u00c4YTT\u00c4J\u00c4N OIKEUDET<\/p>\n<p dir=\"ltr\">Asiakkaalla on oikeus tarkistaa rekisteriin tallennetut itse\u00e4\u00e4n koskevat tiedot, oikeus vaatia rekisteriss\u00e4 olevan virheellisen itse\u00e4\u00e4n koskevan tiedon korjaamista, oikeus tietojen poistamiseen, oikeus tietojen k\u00e4sittelyn rajoittamiseen jonkun k\u00e4ytt\u00f6tarkoituksen suhteen, joidenkin tietojen ker\u00e4\u00e4misen ja jonkun k\u00e4ytt\u00f6tarkoituksen vastustamisoikeus, oikeus siirt\u00e4\u00e4 tiedot j\u00e4rjestelm\u00e4st\u00e4 toiseen sek\u00e4 oikeus tehd\u00e4 valitus valvontaviranomaisille.<\/p>\n<p dir=\"ltr\">Mahdolliset pyynn\u00f6t me@mesenaatti.me.<\/p>\n<p>9. EV\u00c4STEIDEN K\u00c4YTT\u00d6<\/p>\n<p dir=\"ltr\">Mesenaatti.me k\u00e4ytt\u00e4\u00e4 ns. ev\u00e4steit\u00e4. Ev\u00e4steet mahdollistavat sivuston k\u00e4ytt\u00f6\u00e4 kuvaavien tietojen (esim. k\u00e4vij\u00f6iden IP-osoite, selaintyyppi, vieraillut sivut ja k\u00e4yntiajankohta) seuraamiseen ja tallentamiseen. Mesenaatti.me k\u00e4ytt\u00e4\u00e4 ev\u00e4stetietoja sivujen yll\u00e4pitoon ja kehitt\u00e4miseen sek\u00e4 mainonnan kohdentamiseen. Ev\u00e4steiden avulla k\u00e4sitellyt ja ker\u00e4tyt tiedot eiv\u00e4t ole yksitt\u00e4ist\u00e4 tunnistettavaa henkil\u00f6\u00e4 koskevia tietoja, eik\u00e4 niit\u00e4 my\u00f6sk\u00e4\u00e4n yhdistet\u00e4 t\u00e4llaisiin tietoihin.<\/p>\n<p dir=\"ltr\">Useimpien selainten asetuksista voidaan est\u00e4\u00e4 ev\u00e4stetiedostojen k\u00e4ytt\u00f6. T\u00e4ll\u00f6in on kuitenkin mahdollista, ett\u00e4 osa Mesenaatti.me:n sivujen toiminnoista ei toimi asianmukaisesti tai ollenkaan.<\/p>\n<p>10. TIETOJEN K\u00c4SITTELYAIKA<\/p>\n<p>Tietoja k\u00e4sitell\u00e4\u00e4n 5 vuotta, mink\u00e4 j\u00e4lkeen niiden k\u00e4ytt\u00f6peruste arvioidaan uudestaan, ja tiedot joko poistetaan tai s\u00e4ilytet\u00e4\u00e4n.<\/p>\n<p dir=\"ltr\">\n<p><!--:--><br \/>\n<!--:en--><\/p>\n<h4 dir=\"ltr\">Mesenaatti.me is complying to the General Data Protection Regulation of the European Union. Unfortunately our data protection document is at the moment only available in Finnish, but it will be translated as soon as possible.<\/h4>\n<p>P\u00e4ivitetty 14.4.2022<\/p>\n<p><!--:--><\/p>\n","en":"<p><br \/>\n<\/p>\n<h4 dir=\"ltr\">Mesenaatti.me is complying to the General Data Protection Regulation of the European Union. Unfortunately our data protection document is at the moment only available in Finnish, but it will be translated as soon as possible.<\/h4>\n<p>P\u00e4ivitetty 14.4.2022<\/p>\n<p><\/p>","fi":"<p><br \/>\nEU:n yleisen tietosuoja-asetuksen (<a href=\"http:\/\/eur-lex.europa.eu\/legal-content\/FI\/TXT\/?uri=uriserv:OJ.L_.2016.119.01.0001.01.FIN&amp;toc=OJ:L:2016:119:FULL\">asetus t\u00e4\u00e4ll\u00e4<\/a>) mukainen tietosuojaseloste.<\/p>\n<p dir=\"ltr\">1. REKISTERINPIT\u00c4J\u00c4<\/p>\n<p dir=\"ltr\">Nimi: Yhteis\u00f6rahoitus Oy (\u201dMesenaatti.me\u201d)<\/p>\n<p dir=\"ltr\">Y-tunnus: 2564705-4<\/p>\n<p dir=\"ltr\">2. TIETOJEN K\u00c4SITTELIJ\u00c4T JA S\u00c4ILYTT\u00c4J\u00c4T<\/p>\n<p dir=\"ltr\">Tietoja k\u00e4sitell\u00e4\u00e4n tai s\u00e4ilytet\u00e4\u00e4n lis\u00e4ksi ulkopuolisissa palveluissa&nbsp;<a href=\"https:\/\/aws.amazon.com\/compliance\/eu-data-protection\/\">Amazon Web Services<\/a>.<br \/>\nMaksupalvelun tarjoaa Stripe Payments Europe, Ltd. (\u201dMaksupalvelun Tarjoaja\u201d). Rahoituksenhakijan ja Rahoittajien on hyv\u00e4ksytt\u00e4v\u00e4 Maksupalvelun Tarjoajan kulloinkin voimassa olevat k\u00e4ytt\u00f6ehdot, jotka ovat saatavilla osoitteessa https:\/\/stripe.com\/legal. Maksupalvelu tarjotaan Maksupalvelun Tarjoajan ehtojen mukaisesti. Maksupalvelun Tarjoaja voi edellytt\u00e4\u00e4 henkil\u00f6llisyyden todentamista (KYC) kampanjantekij\u00f6ilt\u00e4. Kaikki n\u00e4m\u00e4 palvelut noudattavat EU:n yleist\u00e4 tietosuoja-asetusta ja suojaavat tiedot korkeiden turvallisuusstandardien mukaisesti.<\/p>\n<p dir=\"ltr\">3. YHTEYSHENKIL\u00d6 REKISTERI\u00c4 KOSKEVISSA ASIOISSA<\/p>\n<p dir=\"ltr\">Nimi: Marko Tanninen<\/p>\n<p dir=\"ltr\">S\u00e4hk\u00f6postiosoite:&nbsp;<a href=\"mailto:marko@mesenaatti.me\">marko@mesenaatti.me<\/a><\/p>\n<p dir=\"ltr\">4. REKISTERIN NIMI<\/p>\n<p dir=\"ltr\">Mesenaatti.me-palvelun asiakasrekisteri<\/p>\n<p dir=\"ltr\">5. KER\u00c4TT\u00c4V\u00c4T TIEDOT, TIETOJEN K\u00c4SITTELYN TARKOITUKSET JA PERUSTEET<\/p>\n<p dir=\"ltr\">Mesenaatti.me pyyt\u00e4\u00e4 k\u00e4ytt\u00e4jilt\u00e4 vain alustan toimivuuden ja rahaliikennelains\u00e4\u00e4d\u00e4nn\u00f6n kannalta v\u00e4ltt\u00e4m\u00e4tt\u00f6mi\u00e4 tietoja. Rekisteriin tallennettuja henkil\u00f6tietoja k\u00e4ytet\u00e4\u00e4n Mesenaatti.me:n ja palvelun k\u00e4ytt\u00e4j\u00e4n v\u00e4lisen asiakassuhteen hoitoon ja yll\u00e4pitoon sen sopimuksen mukaan, joka syntyy kun k\u00e4ytt\u00e4j\u00e4 k\u00e4ytt\u00e4\u00e4 palvelua ja hyv\u00e4ksyy samalla sen k\u00e4ytt\u00f6ehdot. Rekisteriin tallennetaan asiakkuuteen ja palvelun k\u00e4ytt\u00f6\u00f6n liittyvi\u00e4 yhteystietoja kuten nimi, toimitusosoite, s\u00e4hk\u00f6postiosoite, maksuyhteystiedot varojen palautusta varten, ostohistoria sek\u00e4 rahoitetut kampanjat. Kaikilta sis\u00e4\u00e4nkirjautuneilta tallennetaan rekisteriin k\u00e4ytt\u00e4j\u00e4tunnus sek\u00e4 salasana.<\/p>\n<p>Yhteystietoja k\u00e4ytet\u00e4\u00e4n my\u00f6s joukkorahoittajille viestimiseen perustuen yrityksen oikeutettuun etuun yll\u00e4pit\u00e4\u00e4 asiakassuhdetta sek\u00e4 kampanjantekij\u00f6iden ja rahoittajien k\u00e4ytt\u00e4j\u00e4yhteis\u00f6\u00e4. Emme luovuta&nbsp; osoitteita eteenp\u00e4in.<\/p>\n<p dir=\"ltr\">Lis\u00e4ksi rahaliikennelains\u00e4\u00e4d\u00e4nn\u00f6n vuoksi kaikilta k\u00e4ytt\u00e4jilt\u00e4 ker\u00e4t\u00e4\u00e4n syntym\u00e4aika ja puhelinnumero.<\/p>\n<p>Meid\u00e4n lis\u00e4ksemme Mesenaatti.me:ss\u00e4 joukkorahoituskampanjoita tekev\u00e4t tahot saavat rahoituksen yhteydess\u00e4 annetut yhteystiedot (nimi, osoite, s\u00e4hk\u00f6posti) ja itselleen ja voivat k\u00e4ytt\u00e4\u00e4 niit\u00e4 esimerkiksi pit\u00e4\u00e4kseen rahoittajiinsa yhteytt\u00e4.<\/p>\n<p>Kampanjantekij\u00f6ilt\u00e4 pyydet\u00e4\u00e4n lis\u00e4ksi osana asiakassopimusta ja palvelusis\u00e4lt\u00f6\u00e4 sek\u00e4 rahaliikennelains\u00e4\u00e4d\u00e4nn\u00f6n vuoksi Ohjeissa t\u00e4smennettyj\u00e4 henkil\u00f6iden ja organisaatioiden tunnistamiseen ja toimintaan sek\u00e4 pankkitiliiin liittyvi\u00e4 dokumentteja.<\/p>\n<p dir=\"ltr\">Tiedot ker\u00e4t\u00e4\u00e4n rekister\u00f6idylt\u00e4 itselt\u00e4\u00e4n ja palvelun maksupalvelun tarjoajalta. Emme hanki k\u00e4ytt\u00e4jist\u00e4 muita tietoja.<\/p>\n<p dir=\"ltr\">6. TIETOJEN S\u00c4\u00c4NN\u00d6NMUKAISET LUOVUTUKSET JA TIETOJEN SIIRTO EU:N TAI EUROOPAN TALOUSALUEEN ULKOPUOLELLE<\/p>\n<p dir=\"ltr\">Mesenaatti.me ei s\u00e4\u00e4nn\u00f6nmukaisesti luovuta tietoja kolmansille ilman rekister\u00f6idyn suostumusta eik\u00e4 siirr\u00e4 tietoja EU:n tai ETA:n ulkopuolelle. Mesenaatti ei myy k\u00e4ytt\u00e4jien tietoja eteenp\u00e4in.<\/p>\n<p dir=\"ltr\">Liiketoimintakaupan seurauksena Mesenaatti.me voi kuitenkin siirt\u00e4\u00e4 tietoja liiketoiminnan ostajalle, joka sitoutuu k\u00e4sittelem\u00e4\u00e4n tietoja t\u00e4m\u00e4n tietosuojaselosteen mukaisesti.<\/p>\n<p>7. &nbsp;REKISTERIN SUOJAUKSEN PERIAATTEET<\/p>\n<p dir=\"ltr\">Rekisteri\u00e4 yll\u00e4pidet\u00e4\u00e4n k\u00e4ytt\u00e4j\u00e4tunnuksin ja salasanoin suojatussa tietoj\u00e4rjestelm\u00e4ss\u00e4. Tietoj\u00e4rjestelmien k\u00e4ytt\u00f6\u00f6n oikeutetuille henkil\u00f6ille annetaan ohjeet j\u00e4rjestelm\u00e4n asianmukaisesta k\u00e4yt\u00f6st\u00e4. Tietoj\u00e4rjestelmien k\u00e4ytt\u00f6oikeus annetaan ainoastaan niille henkil\u00f6ille, joilla ty\u00f6teht\u00e4viens\u00e4 vuoksi perusteltu tarve j\u00e4rjestelm\u00e4n k\u00e4ytt\u00f6\u00f6n.<\/p>\n<p>Kampanjantekij\u00f6ilt\u00e4 vaadittavat dokumentit voi l\u00e4hett\u00e4\u00e4 meille suojatulla palvelimella yll\u00e4pit\u00e4m\u00e4\u00e4mme s\u00e4hk\u00f6postiin, josta siirr\u00e4mme ne suojattuun ja eurooppalaista lains\u00e4\u00e4d\u00e4nt\u00f6\u00e4 tiukasti noudattavaan rahaliikennepalvelu Lemon Way:hin mink\u00e4 j\u00e4lkeen tuhoamme ne v\u00e4litt\u00f6m\u00e4sti s\u00e4hk\u00f6postiohjelmastamme. Dokumentit on mahdollista toimittaa my\u00f6s muulla valitsemallaan tavalla, esimerkiksi kirjattuna kirjeen\u00e4. Silloin lataamme niiden valokopiot rahaliikennepalvelu Lemon Wayhin ja tuhoamme dokumentit asianmukaisella tavalla.<\/p>\n<p>8. &nbsp;K\u00c4YTT\u00c4J\u00c4N OIKEUDET<\/p>\n<p dir=\"ltr\">Asiakkaalla on oikeus tarkistaa rekisteriin tallennetut itse\u00e4\u00e4n koskevat tiedot, oikeus vaatia rekisteriss\u00e4 olevan virheellisen itse\u00e4\u00e4n koskevan tiedon korjaamista, oikeus tietojen poistamiseen, oikeus tietojen k\u00e4sittelyn rajoittamiseen jonkun k\u00e4ytt\u00f6tarkoituksen suhteen, joidenkin tietojen ker\u00e4\u00e4misen ja jonkun k\u00e4ytt\u00f6tarkoituksen vastustamisoikeus, oikeus siirt\u00e4\u00e4 tiedot j\u00e4rjestelm\u00e4st\u00e4 toiseen sek\u00e4 oikeus tehd\u00e4 valitus valvontaviranomaisille.<\/p>\n<p dir=\"ltr\">Mahdolliset pyynn\u00f6t me@mesenaatti.me.<\/p>\n<p>9. EV\u00c4STEIDEN K\u00c4YTT\u00d6<\/p>\n<p dir=\"ltr\">Mesenaatti.me k\u00e4ytt\u00e4\u00e4 ns. ev\u00e4steit\u00e4. Ev\u00e4steet mahdollistavat sivuston k\u00e4ytt\u00f6\u00e4 kuvaavien tietojen (esim. k\u00e4vij\u00f6iden IP-osoite, selaintyyppi, vieraillut sivut ja k\u00e4yntiajankohta) seuraamiseen ja tallentamiseen. Mesenaatti.me k\u00e4ytt\u00e4\u00e4 ev\u00e4stetietoja sivujen yll\u00e4pitoon ja kehitt\u00e4miseen sek\u00e4 mainonnan kohdentamiseen. Ev\u00e4steiden avulla k\u00e4sitellyt ja ker\u00e4tyt tiedot eiv\u00e4t ole yksitt\u00e4ist\u00e4 tunnistettavaa henkil\u00f6\u00e4 koskevia tietoja, eik\u00e4 niit\u00e4 my\u00f6sk\u00e4\u00e4n yhdistet\u00e4 t\u00e4llaisiin tietoihin.<\/p>\n<p dir=\"ltr\">Useimpien selainten asetuksista voidaan est\u00e4\u00e4 ev\u00e4stetiedostojen k\u00e4ytt\u00f6. T\u00e4ll\u00f6in on kuitenkin mahdollista, ett\u00e4 osa Mesenaatti.me:n sivujen toiminnoista ei toimi asianmukaisesti tai ollenkaan.<\/p>\n<p>10. TIETOJEN K\u00c4SITTELYAIKA<\/p>\n<p>Tietoja k\u00e4sitell\u00e4\u00e4n 5 vuotta, mink\u00e4 j\u00e4lkeen niiden k\u00e4ytt\u00f6peruste arvioidaan uudestaan, ja tiedot joko poistetaan tai s\u00e4ilytet\u00e4\u00e4n.<\/p>\n<p dir=\"ltr\">\n<p><br \/>\n<\/p>"}},"_links":{"self":[{"href":"https:\/\/v5b9ccjd3pc.c.updraftclone.com\/en\/wp-json\/wp\/v2\/pages\/1087","targetHints":{"allow":["GET"]}}],"collection":[{"href":"https:\/\/v5b9ccjd3pc.c.updraftclone.com\/en\/wp-json\/wp\/v2\/pages"}],"about":[{"href":"https:\/\/v5b9ccjd3pc.c.updraftclone.com\/en\/wp-json\/wp\/v2\/types\/page"}],"author":[{"embeddable":true,"href":"https:\/\/v5b9ccjd3pc.c.updraftclone.com\/en\/wp-json\/wp\/v2\/users\/7"}],"replies":[{"embeddable":true,"href":"https:\/\/v5b9ccjd3pc.c.updraftclone.com\/en\/wp-json\/wp\/v2\/comments?post=1087"}],"version-history":[{"count":7,"href":"https:\/\/v5b9ccjd3pc.c.updraftclone.com\/en\/wp-json\/wp\/v2\/pages\/1087\/revisions"}],"predecessor-version":[{"id":20638,"href":"https:\/\/v5b9ccjd3pc.c.updraftclone.com\/en\/wp-json\/wp\/v2\/pages\/1087\/revisions\/20638"}],"wp:attachment":[{"href":"https:\/\/v5b9ccjd3pc.c.updraftclone.com\/en\/wp-json\/wp\/v2\/media?parent=1087"}],"curies":[{"name":"wp","href":"https:\/\/api.w.org\/{rel}","templated":true}]}}